{"id":15706,"date":"2023-08-11T21:08:46","date_gmt":"2023-08-12T00:08:46","guid":{"rendered":"https:\/\/www.conexaototal.net\/loja\/?post_type=product&#038;p=15706"},"modified":"2026-03-18T19:37:57","modified_gmt":"2026-03-18T22:37:57","slug":"loja-virtual-profissional-sem-hospedagem","status":"publish","type":"product","link":"https:\/\/www.conexaototal.net\/loja\/produto\/loja-virtual-profissional-sem-hospedagem\/","title":{"rendered":"Loja Virtual Profissional sem Hospedagem"},"content":{"rendered":"<p>Tenha sua loja virtual pronta para vender em poucos dias, com todas as funcionalidades que um e-commerce moderno precisa e sem abrir m\u00e3o da qualidade. Neste plano, voc\u00ea recebe uma loja desenvolvida em <a href=\"https:\/\/br.wordpress.org\/\" target=\"_blank\" rel=\"noopener\">WordPress<\/a> com <a href=\"https:\/\/woocommerce.com\/pt-br\/\" target=\"_blank\" rel=\"noopener\">WooCommerce<\/a> e <a href=\"https:\/\/elementor.com\/pt-br\/pro\/\" target=\"_blank\" rel=\"noopener\">Elementor PRO<\/a>, utilizando um layout profissional pr\u00e9-definido pela nossa equipe, garantindo agilidade na entrega e excelente custo-benef\u00edcio.<\/p>\n<p>Mesmo com layout padr\u00e3o, sua loja ter\u00e1 visual moderno, responsivo e adaptado \u00e0 identidade do seu neg\u00f3cio, com as cores, logotipo e informa\u00e7\u00f5es personalizadas. Ideal para quem quer vender online com rapidez, economia e estrutura profissional.<\/p>\n<p>Tudo isso com entrega r\u00e1pida em at\u00e9 07 dias e suporte cont\u00ednuo sem custo para altera\u00e7\u00f5es simples sempre que precisar.<\/p>\n<p>\u00c9 a solu\u00e7\u00e3o ideal para quem busca praticidade, presen\u00e7a online de alto n\u00edvel e suporte de verdade!<\/p>\n<pre>REGISTRO DE DOM\u00cdNIO: N\u00c3O INCLUSO<\/pre>\n","protected":false},"excerpt":{"rendered":"<ul>\n<li>Loja Virtual desenvolvida em Layout Profissional<\/li>\n<li>Recebe Pagamentos<\/li>\n<li>C\u00e1lculo de Fretes<\/li>\n<li>WhatsApp e Instagram<\/li>\n<\/ul>\n","protected":false},"featured_media":16936,"comment_status":"closed","ping_status":"closed","template":"","meta":[],"product_brand":[],"product_cat":[77,79,72],"product_tag":[],"class_list":{"0":"post-15706","1":"product","2":"type-product","3":"status-publish","4":"has-post-thumbnail","6":"product_cat-lojas-virtuais","7":"product_cat-lojas-virtuais-profissionais","8":"product_cat-promocoes","10":"first","11":"instock","12":"sale","13":"virtual","14":"purchasable","15":"product-type-simple"},"yoast_head":"<!-- This site is optimized with the Yoast SEO Premium plugin v26.0 (Yoast SEO v27.3) - https:\/\/yoast.com\/product\/yoast-seo-premium-wordpress\/ -->\n<title>Loja Virtual B\u00e1sica &#8902; Conex\u00e3o Total<\/title>\n<meta name=\"description\" content=\"Conex\u00e3o Total &#8902; Cria\u00e7\u00e3o de Sites &#8902; Hospedagem Profissional &#8902; Todos os planos e pacotes em at\u00e9 12x no cart\u00e3o.\" \/>\n<meta name=\"robots\" content=\"index, follow, max-snippet:-1, max-image-preview:large, max-video-preview:-1\" \/>\n<link rel=\"canonical\" href=\"https:\/\/www.conexaototal.net\/loja\/produto\/loja-virtual-profissional-sem-hospedagem\/\" \/>\n<meta property=\"og:locale\" content=\"pt_BR\" \/>\n<meta property=\"og:type\" content=\"article\" \/>\n<meta property=\"og:title\" content=\"Loja Virtual Profissional sem Hospedagem\" \/>\n<meta property=\"og:description\" content=\"Conex\u00e3o Total &#8902; Cria\u00e7\u00e3o de Sites &#8902; Hospedagem Profissional &#8902; Todos os planos e pacotes em at\u00e9 12x no cart\u00e3o.\" \/>\n<meta property=\"og:url\" content=\"https:\/\/www.conexaototal.net\/loja\/produto\/loja-virtual-profissional-sem-hospedagem\/\" \/>\n<meta property=\"og:site_name\" content=\"Conex\u00e3o Total - Cria\u00e7\u00e3o de Sites e Hospedagem\" \/>\n<meta property=\"article:publisher\" content=\"https:\/\/www.facebook.com\/conexaototalcomunicacaoemarketing\/\" \/>\n<meta property=\"article:modified_time\" content=\"2026-03-18T22:37:57+00:00\" \/>\n<meta property=\"og:image\" content=\"https:\/\/www.conexaototal.net\/loja\/wp-content\/uploads\/2023\/08\/Loja-Virtual-Profissional-sem-Hospedagem.jpg\" \/>\n\t<meta property=\"og:image:width\" content=\"1080\" \/>\n\t<meta property=\"og:image:height\" content=\"1080\" \/>\n\t<meta property=\"og:image:type\" content=\"image\/jpeg\" \/>\n<meta name=\"twitter:card\" content=\"summary_large_image\" \/>\n<meta name=\"twitter:site\" content=\"@conexaototalmkt\" \/>\n<meta name=\"twitter:label1\" content=\"Pre\u00e7o\" \/>\n\t<meta name=\"twitter:data1\" content=\"&#082;&#036;200,00\" \/>\n\t<meta name=\"twitter:label2\" content=\"Disponibilidade\" \/>\n\t<meta name=\"twitter:data2\" content=\"Em Estoque\" \/>\n<script type=\"application\/ld+json\" class=\"yoast-schema-graph\">{\"@context\":\"https:\\\/\\\/schema.org\",\"@graph\":[{\"@type\":\"WebPage\",\"@id\":\"https:\\\/\\\/www.conexaototal.net\\\/loja\\\/produto\\\/loja-virtual-profissional-sem-hospedagem\\\/\",\"url\":\"https:\\\/\\\/www.conexaototal.net\\\/loja\\\/produto\\\/loja-virtual-profissional-sem-hospedagem\\\/\",\"name\":\"Loja Virtual B\u00e1sica &#8902; Conex\u00e3o Total\",\"isPartOf\":{\"@id\":\"https:\\\/\\\/www.conexaototal.net\\\/loja\\\/#website\"},\"primaryImageOfPage\":{\"@id\":\"https:\\\/\\\/www.conexaototal.net\\\/loja\\\/produto\\\/loja-virtual-profissional-sem-hospedagem\\\/#primaryimage\"},\"image\":{\"@id\":\"https:\\\/\\\/www.conexaototal.net\\\/loja\\\/produto\\\/loja-virtual-profissional-sem-hospedagem\\\/#primaryimage\"},\"thumbnailUrl\":\"https:\\\/\\\/www.conexaototal.net\\\/loja\\\/wp-content\\\/uploads\\\/2023\\\/08\\\/Loja-Virtual-Profissional-sem-Hospedagem.jpg\",\"datePublished\":\"2023-08-12T00:08:46+00:00\",\"dateModified\":\"2026-03-18T22:37:57+00:00\",\"description\":\"Conex\u00e3o Total &#8902; Cria\u00e7\u00e3o de Sites &#8902; Hospedagem Profissional &#8902; Todos os planos e pacotes em at\u00e9 12x no cart\u00e3o.\",\"breadcrumb\":{\"@id\":\"https:\\\/\\\/www.conexaototal.net\\\/loja\\\/produto\\\/loja-virtual-profissional-sem-hospedagem\\\/#breadcrumb\"},\"inLanguage\":\"pt-BR\",\"potentialAction\":[{\"@type\":\"ReadAction\",\"target\":[\"https:\\\/\\\/www.conexaototal.net\\\/loja\\\/produto\\\/loja-virtual-profissional-sem-hospedagem\\\/\"]}]},{\"@type\":\"ImageObject\",\"inLanguage\":\"pt-BR\",\"@id\":\"https:\\\/\\\/www.conexaototal.net\\\/loja\\\/produto\\\/loja-virtual-profissional-sem-hospedagem\\\/#primaryimage\",\"url\":\"https:\\\/\\\/www.conexaototal.net\\\/loja\\\/wp-content\\\/uploads\\\/2023\\\/08\\\/Loja-Virtual-Profissional-sem-Hospedagem.jpg\",\"contentUrl\":\"https:\\\/\\\/www.conexaototal.net\\\/loja\\\/wp-content\\\/uploads\\\/2023\\\/08\\\/Loja-Virtual-Profissional-sem-Hospedagem.jpg\",\"width\":1080,\"height\":1080,\"caption\":\"Loja Virtual Profissional sem Hospedagem\"},{\"@type\":\"BreadcrumbList\",\"@id\":\"https:\\\/\\\/www.conexaototal.net\\\/loja\\\/produto\\\/loja-virtual-profissional-sem-hospedagem\\\/#breadcrumb\",\"itemListElement\":[{\"@type\":\"ListItem\",\"position\":1,\"name\":\"In\u00edcio\",\"item\":\"https:\\\/\\\/www.conexaototal.net\\\/loja\\\/\"},{\"@type\":\"ListItem\",\"position\":2,\"name\":\"NOSSOS PLANOS\",\"item\":\"https:\\\/\\\/www.conexaototal.net\\\/loja\\\/produto\\\/\"},{\"@type\":\"ListItem\",\"position\":3,\"name\":\"Loja Virtual Profissional sem Hospedagem\"}]},{\"@type\":\"WebSite\",\"@id\":\"https:\\\/\\\/www.conexaototal.net\\\/loja\\\/#website\",\"url\":\"https:\\\/\\\/www.conexaototal.net\\\/loja\\\/\",\"name\":\"Conex\u00e3o Total - Loja Virtual\",\"description\":\"\",\"publisher\":{\"@id\":\"https:\\\/\\\/www.conexaototal.net\\\/loja\\\/#organization\"},\"alternateName\":\"Conex\u00e3o Total\",\"potentialAction\":[{\"@type\":\"SearchAction\",\"target\":{\"@type\":\"EntryPoint\",\"urlTemplate\":\"https:\\\/\\\/www.conexaototal.net\\\/loja\\\/?s={search_term_string}\"},\"query-input\":{\"@type\":\"PropertyValueSpecification\",\"valueRequired\":true,\"valueName\":\"search_term_string\"}}],\"inLanguage\":\"pt-BR\"},{\"@type\":\"Organization\",\"@id\":\"https:\\\/\\\/www.conexaototal.net\\\/loja\\\/#organization\",\"name\":\"Conex\u00e3o Total - Loja Virtual\",\"alternateName\":\"Conex\u00e3o Total\",\"url\":\"https:\\\/\\\/www.conexaototal.net\\\/loja\\\/\",\"logo\":{\"@type\":\"ImageObject\",\"inLanguage\":\"pt-BR\",\"@id\":\"https:\\\/\\\/www.conexaototal.net\\\/loja\\\/#\\\/schema\\\/logo\\\/image\\\/\",\"url\":\"https:\\\/\\\/www.conexaototal.net\\\/loja\\\/wp-content\\\/uploads\\\/2023\\\/08\\\/Conexao-Total-MKT.jpg\",\"contentUrl\":\"https:\\\/\\\/www.conexaototal.net\\\/loja\\\/wp-content\\\/uploads\\\/2023\\\/08\\\/Conexao-Total-MKT.jpg\",\"width\":800,\"height\":400,\"caption\":\"Conex\u00e3o Total - Loja Virtual\"},\"image\":{\"@id\":\"https:\\\/\\\/www.conexaototal.net\\\/loja\\\/#\\\/schema\\\/logo\\\/image\\\/\"},\"sameAs\":[\"https:\\\/\\\/www.facebook.com\\\/conexaototalcomunicacaoemarketing\\\/\",\"https:\\\/\\\/x.com\\\/conexaototalmkt\",\"https:\\\/\\\/www.linkedin.com\\\/in\\\/conex\u00e3o-total-300231186\\\/\",\"https:\\\/\\\/www.instagram.com\\\/conexaototalmkt\\\/\",\"https:\\\/\\\/www.youtube.com\\\/channel\\\/UC0up9j5RfGDUTmsXB14S0rA\"]}]}<\/script>\n<meta property=\"product:price:amount\" content=\"200.00\" \/>\n<meta property=\"product:price:currency\" content=\"BRL\" \/>\n<meta property=\"og:availability\" content=\"instock\" \/>\n<meta property=\"product:availability\" content=\"instock\" \/>\n<meta property=\"product:retailer_item_id\" content=\"LB\" \/>\n<meta property=\"product:condition\" content=\"new\" \/>\n<!-- \/ Yoast SEO Premium plugin. -->","yoast_head_json":{"title":"Loja Virtual B\u00e1sica &#8902; Conex\u00e3o Total","description":"Conex\u00e3o Total &#8902; Cria\u00e7\u00e3o de Sites &#8902; Hospedagem Profissional &#8902; Todos os planos e pacotes em at\u00e9 12x no cart\u00e3o.","robots":{"index":"index","follow":"follow","max-snippet":"max-snippet:-1","max-image-preview":"max-image-preview:large","max-video-preview":"max-video-preview:-1"},"canonical":"https:\/\/www.conexaototal.net\/loja\/produto\/loja-virtual-profissional-sem-hospedagem\/","og_locale":"pt_BR","og_type":"article","og_title":"Loja Virtual Profissional sem Hospedagem","og_description":"Conex\u00e3o Total &#8902; Cria\u00e7\u00e3o de Sites &#8902; Hospedagem Profissional &#8902; Todos os planos e pacotes em at\u00e9 12x no cart\u00e3o.","og_url":"https:\/\/www.conexaototal.net\/loja\/produto\/loja-virtual-profissional-sem-hospedagem\/","og_site_name":"Conex\u00e3o Total - Cria\u00e7\u00e3o de Sites e Hospedagem","article_publisher":"https:\/\/www.facebook.com\/conexaototalcomunicacaoemarketing\/","article_modified_time":"2026-03-18T22:37:57+00:00","og_image":[{"width":1080,"height":1080,"url":"https:\/\/www.conexaototal.net\/loja\/wp-content\/uploads\/2023\/08\/Loja-Virtual-Profissional-sem-Hospedagem.jpg","type":"image\/jpeg"}],"twitter_card":"summary_large_image","twitter_site":"@conexaototalmkt","twitter_misc":{"Pre\u00e7o":"&#82;&#36;200,00","Disponibilidade":"Em Estoque"},"schema":{"@context":"https:\/\/schema.org","@graph":[{"@type":"WebPage","@id":"https:\/\/www.conexaototal.net\/loja\/produto\/loja-virtual-profissional-sem-hospedagem\/","url":"https:\/\/www.conexaototal.net\/loja\/produto\/loja-virtual-profissional-sem-hospedagem\/","name":"Loja Virtual B\u00e1sica &#8902; Conex\u00e3o Total","isPartOf":{"@id":"https:\/\/www.conexaototal.net\/loja\/#website"},"primaryImageOfPage":{"@id":"https:\/\/www.conexaototal.net\/loja\/produto\/loja-virtual-profissional-sem-hospedagem\/#primaryimage"},"image":{"@id":"https:\/\/www.conexaototal.net\/loja\/produto\/loja-virtual-profissional-sem-hospedagem\/#primaryimage"},"thumbnailUrl":"https:\/\/www.conexaototal.net\/loja\/wp-content\/uploads\/2023\/08\/Loja-Virtual-Profissional-sem-Hospedagem.jpg","datePublished":"2023-08-12T00:08:46+00:00","dateModified":"2026-03-18T22:37:57+00:00","description":"Conex\u00e3o Total &#8902; Cria\u00e7\u00e3o de Sites &#8902; Hospedagem Profissional &#8902; Todos os planos e pacotes em at\u00e9 12x no cart\u00e3o.","breadcrumb":{"@id":"https:\/\/www.conexaototal.net\/loja\/produto\/loja-virtual-profissional-sem-hospedagem\/#breadcrumb"},"inLanguage":"pt-BR","potentialAction":[{"@type":"ReadAction","target":["https:\/\/www.conexaototal.net\/loja\/produto\/loja-virtual-profissional-sem-hospedagem\/"]}]},{"@type":"ImageObject","inLanguage":"pt-BR","@id":"https:\/\/www.conexaototal.net\/loja\/produto\/loja-virtual-profissional-sem-hospedagem\/#primaryimage","url":"https:\/\/www.conexaototal.net\/loja\/wp-content\/uploads\/2023\/08\/Loja-Virtual-Profissional-sem-Hospedagem.jpg","contentUrl":"https:\/\/www.conexaototal.net\/loja\/wp-content\/uploads\/2023\/08\/Loja-Virtual-Profissional-sem-Hospedagem.jpg","width":1080,"height":1080,"caption":"Loja Virtual Profissional sem Hospedagem"},{"@type":"BreadcrumbList","@id":"https:\/\/www.conexaototal.net\/loja\/produto\/loja-virtual-profissional-sem-hospedagem\/#breadcrumb","itemListElement":[{"@type":"ListItem","position":1,"name":"In\u00edcio","item":"https:\/\/www.conexaototal.net\/loja\/"},{"@type":"ListItem","position":2,"name":"NOSSOS PLANOS","item":"https:\/\/www.conexaototal.net\/loja\/produto\/"},{"@type":"ListItem","position":3,"name":"Loja Virtual Profissional sem Hospedagem"}]},{"@type":"WebSite","@id":"https:\/\/www.conexaototal.net\/loja\/#website","url":"https:\/\/www.conexaototal.net\/loja\/","name":"Conex\u00e3o Total - Loja Virtual","description":"","publisher":{"@id":"https:\/\/www.conexaototal.net\/loja\/#organization"},"alternateName":"Conex\u00e3o Total","potentialAction":[{"@type":"SearchAction","target":{"@type":"EntryPoint","urlTemplate":"https:\/\/www.conexaototal.net\/loja\/?s={search_term_string}"},"query-input":{"@type":"PropertyValueSpecification","valueRequired":true,"valueName":"search_term_string"}}],"inLanguage":"pt-BR"},{"@type":"Organization","@id":"https:\/\/www.conexaototal.net\/loja\/#organization","name":"Conex\u00e3o Total - Loja Virtual","alternateName":"Conex\u00e3o Total","url":"https:\/\/www.conexaototal.net\/loja\/","logo":{"@type":"ImageObject","inLanguage":"pt-BR","@id":"https:\/\/www.conexaototal.net\/loja\/#\/schema\/logo\/image\/","url":"https:\/\/www.conexaototal.net\/loja\/wp-content\/uploads\/2023\/08\/Conexao-Total-MKT.jpg","contentUrl":"https:\/\/www.conexaototal.net\/loja\/wp-content\/uploads\/2023\/08\/Conexao-Total-MKT.jpg","width":800,"height":400,"caption":"Conex\u00e3o Total - Loja Virtual"},"image":{"@id":"https:\/\/www.conexaototal.net\/loja\/#\/schema\/logo\/image\/"},"sameAs":["https:\/\/www.facebook.com\/conexaototalcomunicacaoemarketing\/","https:\/\/x.com\/conexaototalmkt","https:\/\/www.linkedin.com\/in\/conex\u00e3o-total-300231186\/","https:\/\/www.instagram.com\/conexaototalmkt\/","https:\/\/www.youtube.com\/channel\/UC0up9j5RfGDUTmsXB14S0rA"]}]},"product_price_amount":"200.00","product_price_currency":"BRL","og_availability":"instock","product_availability":"instock","product_retailer_item_id":"LB","product_condition":"new"},"jetpack_sharing_enabled":true,"_links":{"self":[{"href":"https:\/\/www.conexaototal.net\/loja\/wp-json\/wp\/v2\/product\/15706","targetHints":{"allow":["GET"]}}],"collection":[{"href":"https:\/\/www.conexaototal.net\/loja\/wp-json\/wp\/v2\/product"}],"about":[{"href":"https:\/\/www.conexaototal.net\/loja\/wp-json\/wp\/v2\/types\/product"}],"replies":[{"embeddable":true,"href":"https:\/\/www.conexaototal.net\/loja\/wp-json\/wp\/v2\/comments?post=15706"}],"version-history":[{"count":2,"href":"https:\/\/www.conexaototal.net\/loja\/wp-json\/wp\/v2\/product\/15706\/revisions"}],"predecessor-version":[{"id":16935,"href":"https:\/\/www.conexaototal.net\/loja\/wp-json\/wp\/v2\/product\/15706\/revisions\/16935"}],"wp:featuredmedia":[{"embeddable":true,"href":"https:\/\/www.conexaototal.net\/loja\/wp-json\/wp\/v2\/media\/16936"}],"wp:attachment":[{"href":"https:\/\/www.conexaototal.net\/loja\/wp-json\/wp\/v2\/media?parent=15706"}],"wp:term":[{"taxonomy":"product_brand","embeddable":true,"href":"https:\/\/www.conexaototal.net\/loja\/wp-json\/wp\/v2\/product_brand?post=15706"},{"taxonomy":"product_cat","embeddable":true,"href":"https:\/\/www.conexaototal.net\/loja\/wp-json\/wp\/v2\/product_cat?post=15706"},{"taxonomy":"product_tag","embeddable":true,"href":"https:\/\/www.conexaototal.net\/loja\/wp-json\/wp\/v2\/product_tag?post=15706"}],"curies":[{"name":"wp","href":"https:\/\/api.w.org\/{rel}","templated":true}]}}