{"id":15708,"date":"2023-08-11T21:08:46","date_gmt":"2023-08-12T00:08:46","guid":{"rendered":"https:\/\/www.conexaototal.net\/loja\/?post_type=product&#038;p=15708"},"modified":"2026-03-18T15:26:11","modified_gmt":"2026-03-18T18:26:11","slug":"hospedagem-site-mensal","status":"publish","type":"product","link":"https:\/\/www.conexaototal.net\/loja\/produto\/hospedagem-site-mensal\/","title":{"rendered":"Hospedagem de Site Mensal"},"content":{"rendered":"<p>Garanta mais velocidade, seguran\u00e7a e estabilidade para o seu site com nossa <a href=\"https:\/\/www.conexaototal.net.br\/\" target=\"_blank\" rel=\"noopener\">Hospedagem Profissional<\/a>, baseada na estrutura robusta da KingHost, uma das maiores empresas de tecnologia do Brasil. Somos revendedores autorizados, o que nos permite oferecer a confiabilidade da KingHost com o atendimento pr\u00f3ximo e personalizado da nossa equipe.<\/p>\n<p>Voc\u00ea ter\u00e1 acesso a um ambiente completo, com painel de controle intuitivo, instalador autom\u00e1tico de CMS (WordPress, Joomla, etc.), E-Mails Profissionais, banco de dados MySQL, certificado SSL gratuito e muito mais. Tudo isso com suporte 24 horas, inclusive em finais de semana e feriados.<\/p>\n<p>Seu site ser\u00e1 hospedado em servidores localizados no Brasil, garantindo maior velocidade de carregamento e melhor desempenho no Google.<\/p>\n<p>A estrutura tamb\u00e9m conta com backup autom\u00e1tico, prote\u00e7\u00e3o contra ataques, antiv\u00edrus, e ferramentas de performance que mant\u00eam seu projeto sempre seguro e otimizado.<\/p>\n<p>Se voc\u00ea j\u00e1 tem um site em outro provedor, n\u00f3s cuidamos da migra\u00e7\u00e3o gratuita, de forma r\u00e1pida e sem complica\u00e7\u00f5es. E se surgir qualquer d\u00favida ou necessidade, nossa equipe estar\u00e1 sempre pronta pra te ajudar!<\/p>\n<pre>PLUGINS PRO INCLUSOS PARA WORDPRESS: YOAST SEO PRO, ALL ON ONE SECURITY PRO E WP ROCKET.<\/pre>\n","protected":false},"excerpt":{"rendered":"<ul>\n<li>Hospedagem para o site<\/li>\n<li>E-Mails Profissionais<\/li>\n<li>Certificado de Seguran\u00e7a SSL<\/li>\n<li>Suporte 24 Horas<\/li>\n<li>Per\u00edodo 01 M\u00eas<\/li>\n<\/ul>\n","protected":false},"featured_media":16890,"comment_status":"closed","ping_status":"closed","template":"","meta":[],"product_brand":[],"product_cat":[80],"product_tag":[],"class_list":{"0":"post-15708","1":"product","2":"type-product","3":"status-publish","4":"has-post-thumbnail","6":"product_cat-hospedagem-de-sites","8":"first","9":"instock","10":"virtual","11":"purchasable","12":"product-type-simple"},"yoast_head":"<!-- This site is optimized with the Yoast SEO Premium plugin v26.0 (Yoast SEO v27.3) - https:\/\/yoast.com\/product\/yoast-seo-premium-wordpress\/ -->\n<title>Hospedagem de Site Mensal &#8902; Conex\u00e3o Total<\/title>\n<meta name=\"description\" content=\"Conex\u00e3o Total &#8902; Cria\u00e7\u00e3o de Sites &#8902; Hospedagem Profissional &#8902; Todos os planos e pacotes em at\u00e9 12x no cart\u00e3o.\" \/>\n<meta name=\"robots\" content=\"index, follow, max-snippet:-1, max-image-preview:large, max-video-preview:-1\" \/>\n<link rel=\"canonical\" href=\"https:\/\/www.conexaototal.net\/loja\/produto\/hospedagem-site-mensal\/\" \/>\n<meta property=\"og:locale\" content=\"pt_BR\" \/>\n<meta property=\"og:type\" content=\"article\" \/>\n<meta property=\"og:title\" content=\"Hospedagem de Site Mensal\" \/>\n<meta property=\"og:description\" content=\"Conex\u00e3o Total &#8902; Cria\u00e7\u00e3o de Sites &#8902; Hospedagem Profissional &#8902; Todos os planos e pacotes em at\u00e9 12x no cart\u00e3o.\" \/>\n<meta property=\"og:url\" content=\"https:\/\/www.conexaototal.net\/loja\/produto\/hospedagem-site-mensal\/\" \/>\n<meta property=\"og:site_name\" content=\"Conex\u00e3o Total - Cria\u00e7\u00e3o de Sites e Hospedagem\" \/>\n<meta property=\"article:publisher\" content=\"https:\/\/www.facebook.com\/conexaototalcomunicacaoemarketing\/\" \/>\n<meta property=\"article:modified_time\" content=\"2026-03-18T18:26:11+00:00\" \/>\n<meta property=\"og:image\" content=\"https:\/\/www.conexaototal.net\/loja\/wp-content\/uploads\/2023\/08\/Hospedagem-site-mensal.jpg\" \/>\n\t<meta property=\"og:image:width\" content=\"1080\" \/>\n\t<meta property=\"og:image:height\" content=\"1080\" \/>\n\t<meta property=\"og:image:type\" content=\"image\/jpeg\" \/>\n<meta name=\"twitter:card\" content=\"summary_large_image\" \/>\n<meta name=\"twitter:site\" content=\"@conexaototalmkt\" \/>\n<meta name=\"twitter:label1\" content=\"Pre\u00e7o\" \/>\n\t<meta name=\"twitter:data1\" content=\"&#082;&#036;25,00\" \/>\n\t<meta name=\"twitter:label2\" content=\"Disponibilidade\" \/>\n\t<meta name=\"twitter:data2\" content=\"Em Estoque\" \/>\n<script type=\"application\/ld+json\" class=\"yoast-schema-graph\">{\"@context\":\"https:\\\/\\\/schema.org\",\"@graph\":[{\"@type\":\"WebPage\",\"@id\":\"https:\\\/\\\/www.conexaototal.net\\\/loja\\\/produto\\\/hospedagem-site-mensal\\\/\",\"url\":\"https:\\\/\\\/www.conexaototal.net\\\/loja\\\/produto\\\/hospedagem-site-mensal\\\/\",\"name\":\"Hospedagem de Site Mensal &#8902; Conex\u00e3o Total\",\"isPartOf\":{\"@id\":\"https:\\\/\\\/www.conexaototal.net\\\/loja\\\/#website\"},\"primaryImageOfPage\":{\"@id\":\"https:\\\/\\\/www.conexaototal.net\\\/loja\\\/produto\\\/hospedagem-site-mensal\\\/#primaryimage\"},\"image\":{\"@id\":\"https:\\\/\\\/www.conexaototal.net\\\/loja\\\/produto\\\/hospedagem-site-mensal\\\/#primaryimage\"},\"thumbnailUrl\":\"https:\\\/\\\/www.conexaototal.net\\\/loja\\\/wp-content\\\/uploads\\\/2023\\\/08\\\/Hospedagem-site-mensal.jpg\",\"datePublished\":\"2023-08-12T00:08:46+00:00\",\"dateModified\":\"2026-03-18T18:26:11+00:00\",\"description\":\"Conex\u00e3o Total &#8902; Cria\u00e7\u00e3o de Sites &#8902; Hospedagem Profissional &#8902; Todos os planos e pacotes em at\u00e9 12x no cart\u00e3o.\",\"breadcrumb\":{\"@id\":\"https:\\\/\\\/www.conexaototal.net\\\/loja\\\/produto\\\/hospedagem-site-mensal\\\/#breadcrumb\"},\"inLanguage\":\"pt-BR\",\"potentialAction\":[{\"@type\":\"ReadAction\",\"target\":[\"https:\\\/\\\/www.conexaototal.net\\\/loja\\\/produto\\\/hospedagem-site-mensal\\\/\"]}]},{\"@type\":\"ImageObject\",\"inLanguage\":\"pt-BR\",\"@id\":\"https:\\\/\\\/www.conexaototal.net\\\/loja\\\/produto\\\/hospedagem-site-mensal\\\/#primaryimage\",\"url\":\"https:\\\/\\\/www.conexaototal.net\\\/loja\\\/wp-content\\\/uploads\\\/2023\\\/08\\\/Hospedagem-site-mensal.jpg\",\"contentUrl\":\"https:\\\/\\\/www.conexaototal.net\\\/loja\\\/wp-content\\\/uploads\\\/2023\\\/08\\\/Hospedagem-site-mensal.jpg\",\"width\":1080,\"height\":1080,\"caption\":\"Hospedagem site mensal\"},{\"@type\":\"BreadcrumbList\",\"@id\":\"https:\\\/\\\/www.conexaototal.net\\\/loja\\\/produto\\\/hospedagem-site-mensal\\\/#breadcrumb\",\"itemListElement\":[{\"@type\":\"ListItem\",\"position\":1,\"name\":\"In\u00edcio\",\"item\":\"https:\\\/\\\/www.conexaototal.net\\\/loja\\\/\"},{\"@type\":\"ListItem\",\"position\":2,\"name\":\"NOSSOS PLANOS\",\"item\":\"https:\\\/\\\/www.conexaototal.net\\\/loja\\\/produto\\\/\"},{\"@type\":\"ListItem\",\"position\":3,\"name\":\"Hospedagem de Site Mensal\"}]},{\"@type\":\"WebSite\",\"@id\":\"https:\\\/\\\/www.conexaototal.net\\\/loja\\\/#website\",\"url\":\"https:\\\/\\\/www.conexaototal.net\\\/loja\\\/\",\"name\":\"Conex\u00e3o Total - Loja Virtual\",\"description\":\"\",\"publisher\":{\"@id\":\"https:\\\/\\\/www.conexaototal.net\\\/loja\\\/#organization\"},\"alternateName\":\"Conex\u00e3o Total\",\"potentialAction\":[{\"@type\":\"SearchAction\",\"target\":{\"@type\":\"EntryPoint\",\"urlTemplate\":\"https:\\\/\\\/www.conexaototal.net\\\/loja\\\/?s={search_term_string}\"},\"query-input\":{\"@type\":\"PropertyValueSpecification\",\"valueRequired\":true,\"valueName\":\"search_term_string\"}}],\"inLanguage\":\"pt-BR\"},{\"@type\":\"Organization\",\"@id\":\"https:\\\/\\\/www.conexaototal.net\\\/loja\\\/#organization\",\"name\":\"Conex\u00e3o Total - Loja Virtual\",\"alternateName\":\"Conex\u00e3o Total\",\"url\":\"https:\\\/\\\/www.conexaototal.net\\\/loja\\\/\",\"logo\":{\"@type\":\"ImageObject\",\"inLanguage\":\"pt-BR\",\"@id\":\"https:\\\/\\\/www.conexaototal.net\\\/loja\\\/#\\\/schema\\\/logo\\\/image\\\/\",\"url\":\"https:\\\/\\\/www.conexaototal.net\\\/loja\\\/wp-content\\\/uploads\\\/2023\\\/08\\\/Conexao-Total-MKT.jpg\",\"contentUrl\":\"https:\\\/\\\/www.conexaototal.net\\\/loja\\\/wp-content\\\/uploads\\\/2023\\\/08\\\/Conexao-Total-MKT.jpg\",\"width\":800,\"height\":400,\"caption\":\"Conex\u00e3o Total - Loja Virtual\"},\"image\":{\"@id\":\"https:\\\/\\\/www.conexaototal.net\\\/loja\\\/#\\\/schema\\\/logo\\\/image\\\/\"},\"sameAs\":[\"https:\\\/\\\/www.facebook.com\\\/conexaototalcomunicacaoemarketing\\\/\",\"https:\\\/\\\/x.com\\\/conexaototalmkt\",\"https:\\\/\\\/www.linkedin.com\\\/in\\\/conex\u00e3o-total-300231186\\\/\",\"https:\\\/\\\/www.instagram.com\\\/conexaototalmkt\\\/\",\"https:\\\/\\\/www.youtube.com\\\/channel\\\/UC0up9j5RfGDUTmsXB14S0rA\"]}]}<\/script>\n<meta property=\"product:price:amount\" content=\"25.00\" \/>\n<meta property=\"product:price:currency\" content=\"BRL\" \/>\n<meta property=\"og:availability\" content=\"instock\" \/>\n<meta property=\"product:availability\" content=\"instock\" \/>\n<meta property=\"product:retailer_item_id\" content=\"HM\" \/>\n<meta property=\"product:condition\" content=\"new\" \/>\n<!-- \/ Yoast SEO Premium plugin. -->","yoast_head_json":{"title":"Hospedagem de Site Mensal &#8902; Conex\u00e3o Total","description":"Conex\u00e3o Total &#8902; Cria\u00e7\u00e3o de Sites &#8902; Hospedagem Profissional &#8902; Todos os planos e pacotes em at\u00e9 12x no cart\u00e3o.","robots":{"index":"index","follow":"follow","max-snippet":"max-snippet:-1","max-image-preview":"max-image-preview:large","max-video-preview":"max-video-preview:-1"},"canonical":"https:\/\/www.conexaototal.net\/loja\/produto\/hospedagem-site-mensal\/","og_locale":"pt_BR","og_type":"article","og_title":"Hospedagem de Site Mensal","og_description":"Conex\u00e3o Total &#8902; Cria\u00e7\u00e3o de Sites &#8902; Hospedagem Profissional &#8902; Todos os planos e pacotes em at\u00e9 12x no cart\u00e3o.","og_url":"https:\/\/www.conexaototal.net\/loja\/produto\/hospedagem-site-mensal\/","og_site_name":"Conex\u00e3o Total - Cria\u00e7\u00e3o de Sites e Hospedagem","article_publisher":"https:\/\/www.facebook.com\/conexaototalcomunicacaoemarketing\/","article_modified_time":"2026-03-18T18:26:11+00:00","og_image":[{"width":1080,"height":1080,"url":"https:\/\/www.conexaototal.net\/loja\/wp-content\/uploads\/2023\/08\/Hospedagem-site-mensal.jpg","type":"image\/jpeg"}],"twitter_card":"summary_large_image","twitter_site":"@conexaototalmkt","twitter_misc":{"Pre\u00e7o":"&#82;&#36;25,00","Disponibilidade":"Em Estoque"},"schema":{"@context":"https:\/\/schema.org","@graph":[{"@type":"WebPage","@id":"https:\/\/www.conexaototal.net\/loja\/produto\/hospedagem-site-mensal\/","url":"https:\/\/www.conexaototal.net\/loja\/produto\/hospedagem-site-mensal\/","name":"Hospedagem de Site Mensal &#8902; Conex\u00e3o Total","isPartOf":{"@id":"https:\/\/www.conexaototal.net\/loja\/#website"},"primaryImageOfPage":{"@id":"https:\/\/www.conexaototal.net\/loja\/produto\/hospedagem-site-mensal\/#primaryimage"},"image":{"@id":"https:\/\/www.conexaototal.net\/loja\/produto\/hospedagem-site-mensal\/#primaryimage"},"thumbnailUrl":"https:\/\/www.conexaototal.net\/loja\/wp-content\/uploads\/2023\/08\/Hospedagem-site-mensal.jpg","datePublished":"2023-08-12T00:08:46+00:00","dateModified":"2026-03-18T18:26:11+00:00","description":"Conex\u00e3o Total &#8902; Cria\u00e7\u00e3o de Sites &#8902; Hospedagem Profissional &#8902; Todos os planos e pacotes em at\u00e9 12x no cart\u00e3o.","breadcrumb":{"@id":"https:\/\/www.conexaototal.net\/loja\/produto\/hospedagem-site-mensal\/#breadcrumb"},"inLanguage":"pt-BR","potentialAction":[{"@type":"ReadAction","target":["https:\/\/www.conexaototal.net\/loja\/produto\/hospedagem-site-mensal\/"]}]},{"@type":"ImageObject","inLanguage":"pt-BR","@id":"https:\/\/www.conexaototal.net\/loja\/produto\/hospedagem-site-mensal\/#primaryimage","url":"https:\/\/www.conexaototal.net\/loja\/wp-content\/uploads\/2023\/08\/Hospedagem-site-mensal.jpg","contentUrl":"https:\/\/www.conexaototal.net\/loja\/wp-content\/uploads\/2023\/08\/Hospedagem-site-mensal.jpg","width":1080,"height":1080,"caption":"Hospedagem site mensal"},{"@type":"BreadcrumbList","@id":"https:\/\/www.conexaototal.net\/loja\/produto\/hospedagem-site-mensal\/#breadcrumb","itemListElement":[{"@type":"ListItem","position":1,"name":"In\u00edcio","item":"https:\/\/www.conexaototal.net\/loja\/"},{"@type":"ListItem","position":2,"name":"NOSSOS PLANOS","item":"https:\/\/www.conexaototal.net\/loja\/produto\/"},{"@type":"ListItem","position":3,"name":"Hospedagem de Site Mensal"}]},{"@type":"WebSite","@id":"https:\/\/www.conexaototal.net\/loja\/#website","url":"https:\/\/www.conexaototal.net\/loja\/","name":"Conex\u00e3o Total - Loja Virtual","description":"","publisher":{"@id":"https:\/\/www.conexaototal.net\/loja\/#organization"},"alternateName":"Conex\u00e3o Total","potentialAction":[{"@type":"SearchAction","target":{"@type":"EntryPoint","urlTemplate":"https:\/\/www.conexaototal.net\/loja\/?s={search_term_string}"},"query-input":{"@type":"PropertyValueSpecification","valueRequired":true,"valueName":"search_term_string"}}],"inLanguage":"pt-BR"},{"@type":"Organization","@id":"https:\/\/www.conexaototal.net\/loja\/#organization","name":"Conex\u00e3o Total - Loja Virtual","alternateName":"Conex\u00e3o Total","url":"https:\/\/www.conexaototal.net\/loja\/","logo":{"@type":"ImageObject","inLanguage":"pt-BR","@id":"https:\/\/www.conexaototal.net\/loja\/#\/schema\/logo\/image\/","url":"https:\/\/www.conexaototal.net\/loja\/wp-content\/uploads\/2023\/08\/Conexao-Total-MKT.jpg","contentUrl":"https:\/\/www.conexaototal.net\/loja\/wp-content\/uploads\/2023\/08\/Conexao-Total-MKT.jpg","width":800,"height":400,"caption":"Conex\u00e3o Total - Loja Virtual"},"image":{"@id":"https:\/\/www.conexaototal.net\/loja\/#\/schema\/logo\/image\/"},"sameAs":["https:\/\/www.facebook.com\/conexaototalcomunicacaoemarketing\/","https:\/\/x.com\/conexaototalmkt","https:\/\/www.linkedin.com\/in\/conex\u00e3o-total-300231186\/","https:\/\/www.instagram.com\/conexaototalmkt\/","https:\/\/www.youtube.com\/channel\/UC0up9j5RfGDUTmsXB14S0rA"]}]},"product_price_amount":"25.00","product_price_currency":"BRL","og_availability":"instock","product_availability":"instock","product_retailer_item_id":"HM","product_condition":"new"},"jetpack_sharing_enabled":true,"_links":{"self":[{"href":"https:\/\/www.conexaototal.net\/loja\/wp-json\/wp\/v2\/product\/15708","targetHints":{"allow":["GET"]}}],"collection":[{"href":"https:\/\/www.conexaototal.net\/loja\/wp-json\/wp\/v2\/product"}],"about":[{"href":"https:\/\/www.conexaototal.net\/loja\/wp-json\/wp\/v2\/types\/product"}],"replies":[{"embeddable":true,"href":"https:\/\/www.conexaototal.net\/loja\/wp-json\/wp\/v2\/comments?post=15708"}],"version-history":[{"count":2,"href":"https:\/\/www.conexaototal.net\/loja\/wp-json\/wp\/v2\/product\/15708\/revisions"}],"predecessor-version":[{"id":16923,"href":"https:\/\/www.conexaototal.net\/loja\/wp-json\/wp\/v2\/product\/15708\/revisions\/16923"}],"wp:featuredmedia":[{"embeddable":true,"href":"https:\/\/www.conexaototal.net\/loja\/wp-json\/wp\/v2\/media\/16890"}],"wp:attachment":[{"href":"https:\/\/www.conexaototal.net\/loja\/wp-json\/wp\/v2\/media?parent=15708"}],"wp:term":[{"taxonomy":"product_brand","embeddable":true,"href":"https:\/\/www.conexaototal.net\/loja\/wp-json\/wp\/v2\/product_brand?post=15708"},{"taxonomy":"product_cat","embeddable":true,"href":"https:\/\/www.conexaototal.net\/loja\/wp-json\/wp\/v2\/product_cat?post=15708"},{"taxonomy":"product_tag","embeddable":true,"href":"https:\/\/www.conexaototal.net\/loja\/wp-json\/wp\/v2\/product_tag?post=15708"}],"curies":[{"name":"wp","href":"https:\/\/api.w.org\/{rel}","templated":true}]}}