{"id":15711,"date":"2023-08-11T21:08:47","date_gmt":"2023-08-12T00:08:47","guid":{"rendered":"https:\/\/www.conexaototal.net\/loja\/?post_type=product&#038;p=15711"},"modified":"2026-03-18T15:25:00","modified_gmt":"2026-03-18T18:25:00","slug":"e-mail-profissional-mensal","status":"publish","type":"product","link":"https:\/\/www.conexaototal.net\/loja\/produto\/e-mail-profissional-mensal\/","title":{"rendered":"E-Mail Profissional Mensal"},"content":{"rendered":"<p>Passe mais credibilidade com um e-mail profissional personalizado com o seu dom\u00ednio, como <strong>contato@seudominio.com.br<\/strong>. Ideal para empresas, profissionais aut\u00f4nomos e quem deseja causar uma boa impress\u00e3o j\u00e1 no primeiro contato.<\/p>\n<p>Com nosso servi\u00e7o de E-Mail Profissional, voc\u00ea pode acessar sua caixa de entrada de qualquer lugar, pelo navegador via webmail moderno ou configurando em dispositivos como computadores, notebooks, celulares Android, iPhone e programas como o Outlook. Tudo com seguran\u00e7a, estabilidade e suporte t\u00e9cnico sempre dispon\u00edvel.<\/p>\n<p>Al\u00e9m da apar\u00eancia profissional, voc\u00ea conta com uma <a href=\"https:\/\/www.conexaototal.net.br\/\" target=\"_blank\" rel=\"noopener\">estrutura confi\u00e1vel<\/a>, protegida contra spam e acess\u00edvel 24 horas por dia. \u00c9 a solu\u00e7\u00e3o perfeita para manter sua comunica\u00e7\u00e3o organizada, eficiente e alinhada com a identidade da sua marca!<\/p>\n","protected":false},"excerpt":{"rendered":"<ul>\n<li>E-Mails Profissionais<\/li>\n<li>Certificado de Seguran\u00e7a SSL<\/li>\n<li>Suporte 24 Horas<\/li>\n<li>Per\u00edodo 01 M\u00eas<\/li>\n<\/ul>\n","protected":false},"featured_media":16877,"comment_status":"closed","ping_status":"closed","template":"","meta":[],"product_brand":[],"product_cat":[75],"product_tag":[],"class_list":{"0":"post-15711","1":"product","2":"type-product","3":"status-publish","4":"has-post-thumbnail","6":"product_cat-e-mail-profissional","8":"first","9":"instock","10":"virtual","11":"purchasable","12":"product-type-simple"},"yoast_head":"<!-- This site is optimized with the Yoast SEO Premium plugin v26.0 (Yoast SEO v27.5) - https:\/\/yoast.com\/product\/yoast-seo-premium-wordpress\/ -->\n<title>E-Mail Profissional Mensal &#8902; Conex\u00e3o Total<\/title>\n<meta name=\"description\" content=\"Conex\u00e3o Total &#8902; Cria\u00e7\u00e3o de Sites &#8902; Hospedagem Profissional &#8902; Todos os planos e pacotes em at\u00e9 12x no cart\u00e3o.\" \/>\n<meta name=\"robots\" content=\"index, follow, max-snippet:-1, max-image-preview:large, max-video-preview:-1\" \/>\n<link rel=\"canonical\" href=\"https:\/\/www.conexaototal.net\/loja\/produto\/e-mail-profissional-mensal\/\" \/>\n<meta property=\"og:locale\" content=\"pt_BR\" \/>\n<meta property=\"og:type\" content=\"article\" \/>\n<meta property=\"og:title\" content=\"E-Mail Profissional Mensal\" \/>\n<meta property=\"og:description\" content=\"Conex\u00e3o Total &#8902; Cria\u00e7\u00e3o de Sites &#8902; Hospedagem Profissional &#8902; Todos os planos e pacotes em at\u00e9 12x no cart\u00e3o.\" \/>\n<meta property=\"og:url\" content=\"https:\/\/www.conexaototal.net\/loja\/produto\/e-mail-profissional-mensal\/\" \/>\n<meta property=\"og:site_name\" content=\"Conex\u00e3o Total - Cria\u00e7\u00e3o de Sites e Hospedagem\" \/>\n<meta property=\"article:publisher\" content=\"https:\/\/www.facebook.com\/conexaototalcomunicacaoemarketing\/\" \/>\n<meta property=\"article:modified_time\" content=\"2026-03-18T18:25:00+00:00\" \/>\n<meta property=\"og:image\" content=\"https:\/\/www.conexaototal.net\/loja\/wp-content\/uploads\/2023\/08\/E-mail-profissional-mensal-1.jpg\" \/>\n\t<meta property=\"og:image:width\" content=\"1080\" \/>\n\t<meta property=\"og:image:height\" content=\"1080\" \/>\n\t<meta property=\"og:image:type\" content=\"image\/jpeg\" \/>\n<meta name=\"twitter:card\" content=\"summary_large_image\" \/>\n<meta name=\"twitter:site\" content=\"@conexaototalmkt\" \/>\n<meta name=\"twitter:label1\" content=\"Pre\u00e7o\" \/>\n\t<meta name=\"twitter:data1\" content=\"&#082;&#036;10,00\" \/>\n\t<meta name=\"twitter:label2\" content=\"Disponibilidade\" \/>\n\t<meta name=\"twitter:data2\" content=\"Em Estoque\" \/>\n<script type=\"application\/ld+json\" class=\"yoast-schema-graph\">{\"@context\":\"https:\\\/\\\/schema.org\",\"@graph\":[{\"@type\":\"WebPage\",\"@id\":\"https:\\\/\\\/www.conexaototal.net\\\/loja\\\/produto\\\/e-mail-profissional-mensal\\\/\",\"url\":\"https:\\\/\\\/www.conexaototal.net\\\/loja\\\/produto\\\/e-mail-profissional-mensal\\\/\",\"name\":\"E-Mail Profissional Mensal &#8902; Conex\u00e3o Total\",\"isPartOf\":{\"@id\":\"https:\\\/\\\/www.conexaototal.net\\\/loja\\\/#website\"},\"primaryImageOfPage\":{\"@id\":\"https:\\\/\\\/www.conexaototal.net\\\/loja\\\/produto\\\/e-mail-profissional-mensal\\\/#primaryimage\"},\"image\":{\"@id\":\"https:\\\/\\\/www.conexaototal.net\\\/loja\\\/produto\\\/e-mail-profissional-mensal\\\/#primaryimage\"},\"thumbnailUrl\":\"https:\\\/\\\/www.conexaototal.net\\\/loja\\\/wp-content\\\/uploads\\\/2023\\\/08\\\/E-mail-profissional-mensal-1.jpg\",\"datePublished\":\"2023-08-12T00:08:47+00:00\",\"dateModified\":\"2026-03-18T18:25:00+00:00\",\"description\":\"Conex\u00e3o Total &#8902; Cria\u00e7\u00e3o de Sites &#8902; Hospedagem Profissional &#8902; Todos os planos e pacotes em at\u00e9 12x no cart\u00e3o.\",\"breadcrumb\":{\"@id\":\"https:\\\/\\\/www.conexaototal.net\\\/loja\\\/produto\\\/e-mail-profissional-mensal\\\/#breadcrumb\"},\"inLanguage\":\"pt-BR\",\"potentialAction\":[{\"@type\":\"ReadAction\",\"target\":[\"https:\\\/\\\/www.conexaototal.net\\\/loja\\\/produto\\\/e-mail-profissional-mensal\\\/\"]}]},{\"@type\":\"ImageObject\",\"inLanguage\":\"pt-BR\",\"@id\":\"https:\\\/\\\/www.conexaototal.net\\\/loja\\\/produto\\\/e-mail-profissional-mensal\\\/#primaryimage\",\"url\":\"https:\\\/\\\/www.conexaototal.net\\\/loja\\\/wp-content\\\/uploads\\\/2023\\\/08\\\/E-mail-profissional-mensal-1.jpg\",\"contentUrl\":\"https:\\\/\\\/www.conexaototal.net\\\/loja\\\/wp-content\\\/uploads\\\/2023\\\/08\\\/E-mail-profissional-mensal-1.jpg\",\"width\":1080,\"height\":1080,\"caption\":\"E-mail profissional mensal\"},{\"@type\":\"BreadcrumbList\",\"@id\":\"https:\\\/\\\/www.conexaototal.net\\\/loja\\\/produto\\\/e-mail-profissional-mensal\\\/#breadcrumb\",\"itemListElement\":[{\"@type\":\"ListItem\",\"position\":1,\"name\":\"In\u00edcio\",\"item\":\"https:\\\/\\\/www.conexaototal.net\\\/loja\\\/\"},{\"@type\":\"ListItem\",\"position\":2,\"name\":\"NOSSOS PLANOS\",\"item\":\"https:\\\/\\\/www.conexaototal.net\\\/loja\\\/produto\\\/\"},{\"@type\":\"ListItem\",\"position\":3,\"name\":\"E-Mail Profissional Mensal\"}]},{\"@type\":\"WebSite\",\"@id\":\"https:\\\/\\\/www.conexaototal.net\\\/loja\\\/#website\",\"url\":\"https:\\\/\\\/www.conexaototal.net\\\/loja\\\/\",\"name\":\"Conex\u00e3o Total - Loja Virtual\",\"description\":\"\",\"publisher\":{\"@id\":\"https:\\\/\\\/www.conexaototal.net\\\/loja\\\/#organization\"},\"alternateName\":\"Conex\u00e3o Total\",\"potentialAction\":[{\"@type\":\"SearchAction\",\"target\":{\"@type\":\"EntryPoint\",\"urlTemplate\":\"https:\\\/\\\/www.conexaototal.net\\\/loja\\\/?s={search_term_string}\"},\"query-input\":{\"@type\":\"PropertyValueSpecification\",\"valueRequired\":true,\"valueName\":\"search_term_string\"}}],\"inLanguage\":\"pt-BR\"},{\"@type\":\"Organization\",\"@id\":\"https:\\\/\\\/www.conexaototal.net\\\/loja\\\/#organization\",\"name\":\"Conex\u00e3o Total - Loja Virtual\",\"alternateName\":\"Conex\u00e3o Total\",\"url\":\"https:\\\/\\\/www.conexaototal.net\\\/loja\\\/\",\"logo\":{\"@type\":\"ImageObject\",\"inLanguage\":\"pt-BR\",\"@id\":\"https:\\\/\\\/www.conexaototal.net\\\/loja\\\/#\\\/schema\\\/logo\\\/image\\\/\",\"url\":\"https:\\\/\\\/www.conexaototal.net\\\/loja\\\/wp-content\\\/uploads\\\/2023\\\/08\\\/Conexao-Total-MKT.jpg\",\"contentUrl\":\"https:\\\/\\\/www.conexaototal.net\\\/loja\\\/wp-content\\\/uploads\\\/2023\\\/08\\\/Conexao-Total-MKT.jpg\",\"width\":800,\"height\":400,\"caption\":\"Conex\u00e3o Total - Loja Virtual\"},\"image\":{\"@id\":\"https:\\\/\\\/www.conexaototal.net\\\/loja\\\/#\\\/schema\\\/logo\\\/image\\\/\"},\"sameAs\":[\"https:\\\/\\\/www.facebook.com\\\/conexaototalcomunicacaoemarketing\\\/\",\"https:\\\/\\\/x.com\\\/conexaototalmkt\",\"https:\\\/\\\/www.linkedin.com\\\/in\\\/conex\u00e3o-total-300231186\\\/\",\"https:\\\/\\\/www.instagram.com\\\/conexaototalmkt\\\/\",\"https:\\\/\\\/www.youtube.com\\\/channel\\\/UC0up9j5RfGDUTmsXB14S0rA\"]}]}<\/script>\n<meta property=\"product:price:amount\" content=\"10.00\" \/>\n<meta property=\"product:price:currency\" content=\"BRL\" \/>\n<meta property=\"og:availability\" content=\"instock\" \/>\n<meta property=\"product:availability\" content=\"instock\" \/>\n<meta property=\"product:retailer_item_id\" content=\"EM\" \/>\n<meta property=\"product:condition\" content=\"new\" \/>\n<!-- \/ Yoast SEO Premium plugin. -->","yoast_head_json":{"title":"E-Mail Profissional Mensal &#8902; Conex\u00e3o Total","description":"Conex\u00e3o Total &#8902; Cria\u00e7\u00e3o de Sites &#8902; Hospedagem Profissional &#8902; Todos os planos e pacotes em at\u00e9 12x no cart\u00e3o.","robots":{"index":"index","follow":"follow","max-snippet":"max-snippet:-1","max-image-preview":"max-image-preview:large","max-video-preview":"max-video-preview:-1"},"canonical":"https:\/\/www.conexaototal.net\/loja\/produto\/e-mail-profissional-mensal\/","og_locale":"pt_BR","og_type":"article","og_title":"E-Mail Profissional Mensal","og_description":"Conex\u00e3o Total &#8902; Cria\u00e7\u00e3o de Sites &#8902; Hospedagem Profissional &#8902; Todos os planos e pacotes em at\u00e9 12x no cart\u00e3o.","og_url":"https:\/\/www.conexaototal.net\/loja\/produto\/e-mail-profissional-mensal\/","og_site_name":"Conex\u00e3o Total - Cria\u00e7\u00e3o de Sites e Hospedagem","article_publisher":"https:\/\/www.facebook.com\/conexaototalcomunicacaoemarketing\/","article_modified_time":"2026-03-18T18:25:00+00:00","og_image":[{"width":1080,"height":1080,"url":"https:\/\/www.conexaototal.net\/loja\/wp-content\/uploads\/2023\/08\/E-mail-profissional-mensal-1.jpg","type":"image\/jpeg"}],"twitter_card":"summary_large_image","twitter_site":"@conexaototalmkt","twitter_misc":{"Pre\u00e7o":"&#82;&#36;10,00","Disponibilidade":"Em Estoque"},"schema":{"@context":"https:\/\/schema.org","@graph":[{"@type":"WebPage","@id":"https:\/\/www.conexaototal.net\/loja\/produto\/e-mail-profissional-mensal\/","url":"https:\/\/www.conexaototal.net\/loja\/produto\/e-mail-profissional-mensal\/","name":"E-Mail Profissional Mensal &#8902; Conex\u00e3o Total","isPartOf":{"@id":"https:\/\/www.conexaototal.net\/loja\/#website"},"primaryImageOfPage":{"@id":"https:\/\/www.conexaototal.net\/loja\/produto\/e-mail-profissional-mensal\/#primaryimage"},"image":{"@id":"https:\/\/www.conexaototal.net\/loja\/produto\/e-mail-profissional-mensal\/#primaryimage"},"thumbnailUrl":"https:\/\/www.conexaototal.net\/loja\/wp-content\/uploads\/2023\/08\/E-mail-profissional-mensal-1.jpg","datePublished":"2023-08-12T00:08:47+00:00","dateModified":"2026-03-18T18:25:00+00:00","description":"Conex\u00e3o Total &#8902; Cria\u00e7\u00e3o de Sites &#8902; Hospedagem Profissional &#8902; Todos os planos e pacotes em at\u00e9 12x no cart\u00e3o.","breadcrumb":{"@id":"https:\/\/www.conexaototal.net\/loja\/produto\/e-mail-profissional-mensal\/#breadcrumb"},"inLanguage":"pt-BR","potentialAction":[{"@type":"ReadAction","target":["https:\/\/www.conexaototal.net\/loja\/produto\/e-mail-profissional-mensal\/"]}]},{"@type":"ImageObject","inLanguage":"pt-BR","@id":"https:\/\/www.conexaototal.net\/loja\/produto\/e-mail-profissional-mensal\/#primaryimage","url":"https:\/\/www.conexaototal.net\/loja\/wp-content\/uploads\/2023\/08\/E-mail-profissional-mensal-1.jpg","contentUrl":"https:\/\/www.conexaototal.net\/loja\/wp-content\/uploads\/2023\/08\/E-mail-profissional-mensal-1.jpg","width":1080,"height":1080,"caption":"E-mail profissional mensal"},{"@type":"BreadcrumbList","@id":"https:\/\/www.conexaototal.net\/loja\/produto\/e-mail-profissional-mensal\/#breadcrumb","itemListElement":[{"@type":"ListItem","position":1,"name":"In\u00edcio","item":"https:\/\/www.conexaototal.net\/loja\/"},{"@type":"ListItem","position":2,"name":"NOSSOS PLANOS","item":"https:\/\/www.conexaototal.net\/loja\/produto\/"},{"@type":"ListItem","position":3,"name":"E-Mail Profissional Mensal"}]},{"@type":"WebSite","@id":"https:\/\/www.conexaototal.net\/loja\/#website","url":"https:\/\/www.conexaototal.net\/loja\/","name":"Conex\u00e3o Total - Loja Virtual","description":"","publisher":{"@id":"https:\/\/www.conexaototal.net\/loja\/#organization"},"alternateName":"Conex\u00e3o Total","potentialAction":[{"@type":"SearchAction","target":{"@type":"EntryPoint","urlTemplate":"https:\/\/www.conexaototal.net\/loja\/?s={search_term_string}"},"query-input":{"@type":"PropertyValueSpecification","valueRequired":true,"valueName":"search_term_string"}}],"inLanguage":"pt-BR"},{"@type":"Organization","@id":"https:\/\/www.conexaototal.net\/loja\/#organization","name":"Conex\u00e3o Total - Loja Virtual","alternateName":"Conex\u00e3o Total","url":"https:\/\/www.conexaototal.net\/loja\/","logo":{"@type":"ImageObject","inLanguage":"pt-BR","@id":"https:\/\/www.conexaototal.net\/loja\/#\/schema\/logo\/image\/","url":"https:\/\/www.conexaototal.net\/loja\/wp-content\/uploads\/2023\/08\/Conexao-Total-MKT.jpg","contentUrl":"https:\/\/www.conexaototal.net\/loja\/wp-content\/uploads\/2023\/08\/Conexao-Total-MKT.jpg","width":800,"height":400,"caption":"Conex\u00e3o Total - Loja Virtual"},"image":{"@id":"https:\/\/www.conexaototal.net\/loja\/#\/schema\/logo\/image\/"},"sameAs":["https:\/\/www.facebook.com\/conexaototalcomunicacaoemarketing\/","https:\/\/x.com\/conexaototalmkt","https:\/\/www.linkedin.com\/in\/conex\u00e3o-total-300231186\/","https:\/\/www.instagram.com\/conexaototalmkt\/","https:\/\/www.youtube.com\/channel\/UC0up9j5RfGDUTmsXB14S0rA"]}]},"product_price_amount":"10.00","product_price_currency":"BRL","og_availability":"instock","product_availability":"instock","product_retailer_item_id":"EM","product_condition":"new"},"jetpack_sharing_enabled":true,"_links":{"self":[{"href":"https:\/\/www.conexaototal.net\/loja\/wp-json\/wp\/v2\/product\/15711","targetHints":{"allow":["GET"]}}],"collection":[{"href":"https:\/\/www.conexaototal.net\/loja\/wp-json\/wp\/v2\/product"}],"about":[{"href":"https:\/\/www.conexaototal.net\/loja\/wp-json\/wp\/v2\/types\/product"}],"replies":[{"embeddable":true,"href":"https:\/\/www.conexaototal.net\/loja\/wp-json\/wp\/v2\/comments?post=15711"}],"version-history":[{"count":2,"href":"https:\/\/www.conexaototal.net\/loja\/wp-json\/wp\/v2\/product\/15711\/revisions"}],"predecessor-version":[{"id":16922,"href":"https:\/\/www.conexaototal.net\/loja\/wp-json\/wp\/v2\/product\/15711\/revisions\/16922"}],"wp:featuredmedia":[{"embeddable":true,"href":"https:\/\/www.conexaototal.net\/loja\/wp-json\/wp\/v2\/media\/16877"}],"wp:attachment":[{"href":"https:\/\/www.conexaototal.net\/loja\/wp-json\/wp\/v2\/media?parent=15711"}],"wp:term":[{"taxonomy":"product_brand","embeddable":true,"href":"https:\/\/www.conexaototal.net\/loja\/wp-json\/wp\/v2\/product_brand?post=15711"},{"taxonomy":"product_cat","embeddable":true,"href":"https:\/\/www.conexaototal.net\/loja\/wp-json\/wp\/v2\/product_cat?post=15711"},{"taxonomy":"product_tag","embeddable":true,"href":"https:\/\/www.conexaototal.net\/loja\/wp-json\/wp\/v2\/product_tag?post=15711"}],"curies":[{"name":"wp","href":"https:\/\/api.w.org\/{rel}","templated":true}]}}