{"id":16808,"date":"2025-12-27T20:51:21","date_gmt":"2025-12-27T23:51:21","guid":{"rendered":"https:\/\/www.conexaototal.net\/loja\/?post_type=product&#038;p=16808"},"modified":"2026-03-18T22:23:58","modified_gmt":"2026-03-19T01:23:58","slug":"site-profissional-hospedagem","status":"publish","type":"product","link":"https:\/\/www.conexaototal.net\/loja\/produto\/site-profissional-hospedagem\/","title":{"rendered":"Site Profissional + Hospedagem"},"content":{"rendered":"<p>Transforme sua presen\u00e7a digital com um site profissional desenvolvido sob medida para o seu neg\u00f3cio. Neste plano, voc\u00ea recebe um site completo, constru\u00eddo em <a href=\"https:\/\/br.wordpress.org\/\" target=\"_blank\" rel=\"noopener\">WordPress<\/a> com <a href=\"https:\/\/elementor.com\/pt-br\/pro\/\" target=\"_blank\" rel=\"noopener\">Elementor PRO<\/a>, o que garante total liberdade para personalizar cada detalhe de forma simples e intuitiva, mesmo sem conhecimento t\u00e9cnico.<\/p>\n<p>O layout \u00e9 criado com foco em performance, identidade visual e experi\u00eancia do usu\u00e1rio, oferecendo um visual moderno, profissional e responsivo. Al\u00e9m disso, j\u00e1 entregamos tudo configurado com integra\u00e7\u00e3o ao WhatsApp,\u00a0Redes Sociais e Formul\u00e1rio de contato via E-Mail para que seus visitantes possam entrar em contato com facilidade.<\/p>\n<p>Para garantir estabilidade, seguran\u00e7a e velocidade, seu site ser\u00e1 hospedado por 01 ano em nossos <a href=\"https:\/\/www.conexaototal.net\/loja\/categoria-produto\/hospedagem-de-sites\/\" target=\"_blank\" rel=\"noopener\">servidores otimizados<\/a>, com certificado SSL inclu\u00eddo, 05 GB deE-Mails Profissionais e suporte t\u00e9cnico dispon\u00edvel 24 horas por dia.<\/p>\n<p>Tamb\u00e9m aplicamos as melhores pr\u00e1ticas de seguran\u00e7a e desempenho com plugins premium como <a href=\"https:\/\/wp-rocket.me\/\" target=\"_blank\" rel=\"noopener\">WP Rocket<\/a> e <a href=\"https:\/\/br.wordpress.org\/plugins\/all-in-one-wp-security-and-firewall\/\" target=\"_blank\" rel=\"noopener\">All in One Security<\/a>, al\u00e9m de otimiza\u00e7\u00e3o com o <a href=\"https:\/\/yoast.com\/\" target=\"_blank\" rel=\"noopener\">Yoast SEO PRO<\/a>, ajudando voc\u00ea a se destacar no Google desde o primeiro dia.<\/p>\n<p>Tudo isso com entrega r\u00e1pida em at\u00e9 07 dias e suporte cont\u00ednuo sem custo para altera\u00e7\u00f5es simples sempre que precisar.<\/p>\n<p>\u00c9 a solu\u00e7\u00e3o ideal para quem busca praticidade, presen\u00e7a online de alto n\u00edvel e suporte de verdade!<\/p>\n<pre>Registro de dom\u00ednio N\u00c3O INCLUSO.<\/pre>\n","protected":false},"excerpt":{"rendered":"<ul>\n<li>Site Desenvolvido em Layout Profissional<\/li>\n<li>WhatsApp e Instagram<\/li>\n<li>Hospedagem para o site<\/li>\n<li>E-Mails Profissionais<\/li>\n<li>Suporte especializado<\/li>\n<\/ul>\n","protected":false},"featured_media":16964,"comment_status":"closed","ping_status":"closed","template":"","meta":[],"product_brand":[],"product_cat":[71,72,133],"product_tag":[],"class_list":{"0":"post-16808","1":"product","2":"type-product","3":"status-publish","4":"has-post-thumbnail","6":"product_cat-pacotes","7":"product_cat-promocoes","8":"product_cat-sites-profissionais","10":"first","11":"instock","12":"sale","13":"featured","14":"virtual","15":"purchasable","16":"product-type-simple"},"yoast_head":"<!-- This site is optimized with the Yoast SEO Premium plugin v26.0 (Yoast SEO v27.4) - https:\/\/yoast.com\/product\/yoast-seo-premium-wordpress\/ -->\n<title>Plano Econ\u00f4mico com Hospedagem &#8902; Conex\u00e3o Total<\/title>\n<meta name=\"description\" content=\"Conex\u00e3o Total &#8902; Cria\u00e7\u00e3o de Sites &#8902; Hospedagem Profissional &#8902; Todos os planos e pacotes em at\u00e9 12x no cart\u00e3o.\" \/>\n<meta name=\"robots\" content=\"index, follow, max-snippet:-1, max-image-preview:large, max-video-preview:-1\" \/>\n<link rel=\"canonical\" href=\"https:\/\/www.conexaototal.net\/loja\/produto\/site-profissional-hospedagem\/\" \/>\n<meta property=\"og:locale\" content=\"pt_BR\" \/>\n<meta property=\"og:type\" content=\"article\" \/>\n<meta property=\"og:title\" content=\"Site Profissional + Hospedagem\" \/>\n<meta property=\"og:description\" content=\"Conex\u00e3o Total &#8902; Cria\u00e7\u00e3o de Sites &#8902; Hospedagem Profissional &#8902; Todos os planos e pacotes em at\u00e9 12x no cart\u00e3o.\" \/>\n<meta property=\"og:url\" content=\"https:\/\/www.conexaototal.net\/loja\/produto\/site-profissional-hospedagem\/\" \/>\n<meta property=\"og:site_name\" content=\"Conex\u00e3o Total - Cria\u00e7\u00e3o de Sites e Hospedagem\" \/>\n<meta property=\"article:publisher\" content=\"https:\/\/www.facebook.com\/conexaototalcomunicacaoemarketing\/\" \/>\n<meta property=\"article:modified_time\" content=\"2026-03-19T01:23:58+00:00\" \/>\n<meta property=\"og:image\" content=\"https:\/\/www.conexaototal.net\/loja\/wp-content\/uploads\/2025\/12\/Site-profissional-com-Hospedagem.jpg\" \/>\n\t<meta property=\"og:image:width\" content=\"1080\" \/>\n\t<meta property=\"og:image:height\" content=\"1080\" \/>\n\t<meta property=\"og:image:type\" content=\"image\/jpeg\" \/>\n<meta name=\"twitter:card\" content=\"summary_large_image\" \/>\n<meta name=\"twitter:site\" content=\"@conexaototalmkt\" \/>\n<meta name=\"twitter:label1\" content=\"Pre\u00e7o\" \/>\n\t<meta name=\"twitter:data1\" content=\"&#082;&#036;300,00\" \/>\n\t<meta name=\"twitter:label2\" content=\"Disponibilidade\" \/>\n\t<meta name=\"twitter:data2\" content=\"Em Estoque\" \/>\n<script type=\"application\/ld+json\" class=\"yoast-schema-graph\">{\"@context\":\"https:\\\/\\\/schema.org\",\"@graph\":[{\"@type\":\"WebPage\",\"@id\":\"https:\\\/\\\/www.conexaototal.net\\\/loja\\\/produto\\\/site-profissional-hospedagem\\\/\",\"url\":\"https:\\\/\\\/www.conexaototal.net\\\/loja\\\/produto\\\/site-profissional-hospedagem\\\/\",\"name\":\"Plano Econ\u00f4mico com Hospedagem &#8902; Conex\u00e3o Total\",\"isPartOf\":{\"@id\":\"https:\\\/\\\/www.conexaototal.net\\\/loja\\\/#website\"},\"primaryImageOfPage\":{\"@id\":\"https:\\\/\\\/www.conexaototal.net\\\/loja\\\/produto\\\/site-profissional-hospedagem\\\/#primaryimage\"},\"image\":{\"@id\":\"https:\\\/\\\/www.conexaototal.net\\\/loja\\\/produto\\\/site-profissional-hospedagem\\\/#primaryimage\"},\"thumbnailUrl\":\"https:\\\/\\\/www.conexaototal.net\\\/loja\\\/wp-content\\\/uploads\\\/2025\\\/12\\\/Site-profissional-com-Hospedagem.jpg\",\"datePublished\":\"2025-12-27T23:51:21+00:00\",\"dateModified\":\"2026-03-19T01:23:58+00:00\",\"description\":\"Conex\u00e3o Total &#8902; Cria\u00e7\u00e3o de Sites &#8902; Hospedagem Profissional &#8902; Todos os planos e pacotes em at\u00e9 12x no cart\u00e3o.\",\"breadcrumb\":{\"@id\":\"https:\\\/\\\/www.conexaototal.net\\\/loja\\\/produto\\\/site-profissional-hospedagem\\\/#breadcrumb\"},\"inLanguage\":\"pt-BR\",\"potentialAction\":[{\"@type\":\"ReadAction\",\"target\":[\"https:\\\/\\\/www.conexaototal.net\\\/loja\\\/produto\\\/site-profissional-hospedagem\\\/\"]}]},{\"@type\":\"ImageObject\",\"inLanguage\":\"pt-BR\",\"@id\":\"https:\\\/\\\/www.conexaototal.net\\\/loja\\\/produto\\\/site-profissional-hospedagem\\\/#primaryimage\",\"url\":\"https:\\\/\\\/www.conexaototal.net\\\/loja\\\/wp-content\\\/uploads\\\/2025\\\/12\\\/Site-profissional-com-Hospedagem.jpg\",\"contentUrl\":\"https:\\\/\\\/www.conexaototal.net\\\/loja\\\/wp-content\\\/uploads\\\/2025\\\/12\\\/Site-profissional-com-Hospedagem.jpg\",\"width\":1080,\"height\":1080,\"caption\":\"Site profissional com Hospedagem\"},{\"@type\":\"BreadcrumbList\",\"@id\":\"https:\\\/\\\/www.conexaototal.net\\\/loja\\\/produto\\\/site-profissional-hospedagem\\\/#breadcrumb\",\"itemListElement\":[{\"@type\":\"ListItem\",\"position\":1,\"name\":\"In\u00edcio\",\"item\":\"https:\\\/\\\/www.conexaototal.net\\\/loja\\\/\"},{\"@type\":\"ListItem\",\"position\":2,\"name\":\"NOSSOS PLANOS\",\"item\":\"https:\\\/\\\/www.conexaototal.net\\\/loja\\\/produto\\\/\"},{\"@type\":\"ListItem\",\"position\":3,\"name\":\"Site Profissional + Hospedagem\"}]},{\"@type\":\"WebSite\",\"@id\":\"https:\\\/\\\/www.conexaototal.net\\\/loja\\\/#website\",\"url\":\"https:\\\/\\\/www.conexaototal.net\\\/loja\\\/\",\"name\":\"Conex\u00e3o Total - Loja Virtual\",\"description\":\"\",\"publisher\":{\"@id\":\"https:\\\/\\\/www.conexaototal.net\\\/loja\\\/#organization\"},\"alternateName\":\"Conex\u00e3o Total\",\"potentialAction\":[{\"@type\":\"SearchAction\",\"target\":{\"@type\":\"EntryPoint\",\"urlTemplate\":\"https:\\\/\\\/www.conexaototal.net\\\/loja\\\/?s={search_term_string}\"},\"query-input\":{\"@type\":\"PropertyValueSpecification\",\"valueRequired\":true,\"valueName\":\"search_term_string\"}}],\"inLanguage\":\"pt-BR\"},{\"@type\":\"Organization\",\"@id\":\"https:\\\/\\\/www.conexaototal.net\\\/loja\\\/#organization\",\"name\":\"Conex\u00e3o Total - Loja Virtual\",\"alternateName\":\"Conex\u00e3o Total\",\"url\":\"https:\\\/\\\/www.conexaototal.net\\\/loja\\\/\",\"logo\":{\"@type\":\"ImageObject\",\"inLanguage\":\"pt-BR\",\"@id\":\"https:\\\/\\\/www.conexaototal.net\\\/loja\\\/#\\\/schema\\\/logo\\\/image\\\/\",\"url\":\"https:\\\/\\\/www.conexaototal.net\\\/loja\\\/wp-content\\\/uploads\\\/2023\\\/08\\\/Conexao-Total-MKT.jpg\",\"contentUrl\":\"https:\\\/\\\/www.conexaototal.net\\\/loja\\\/wp-content\\\/uploads\\\/2023\\\/08\\\/Conexao-Total-MKT.jpg\",\"width\":800,\"height\":400,\"caption\":\"Conex\u00e3o Total - Loja Virtual\"},\"image\":{\"@id\":\"https:\\\/\\\/www.conexaototal.net\\\/loja\\\/#\\\/schema\\\/logo\\\/image\\\/\"},\"sameAs\":[\"https:\\\/\\\/www.facebook.com\\\/conexaototalcomunicacaoemarketing\\\/\",\"https:\\\/\\\/x.com\\\/conexaototalmkt\",\"https:\\\/\\\/www.linkedin.com\\\/in\\\/conex\u00e3o-total-300231186\\\/\",\"https:\\\/\\\/www.instagram.com\\\/conexaototalmkt\\\/\",\"https:\\\/\\\/www.youtube.com\\\/channel\\\/UC0up9j5RfGDUTmsXB14S0rA\"]}]}<\/script>\n<meta property=\"product:price:amount\" content=\"300.00\" \/>\n<meta property=\"product:price:currency\" content=\"BRL\" \/>\n<meta property=\"og:availability\" content=\"instock\" \/>\n<meta property=\"product:availability\" content=\"instock\" \/>\n<meta property=\"product:retailer_item_id\" content=\"SEH\" \/>\n<meta property=\"product:condition\" content=\"new\" \/>\n<!-- \/ Yoast SEO Premium plugin. -->","yoast_head_json":{"title":"Plano Econ\u00f4mico com Hospedagem &#8902; Conex\u00e3o Total","description":"Conex\u00e3o Total &#8902; Cria\u00e7\u00e3o de Sites &#8902; Hospedagem Profissional &#8902; Todos os planos e pacotes em at\u00e9 12x no cart\u00e3o.","robots":{"index":"index","follow":"follow","max-snippet":"max-snippet:-1","max-image-preview":"max-image-preview:large","max-video-preview":"max-video-preview:-1"},"canonical":"https:\/\/www.conexaototal.net\/loja\/produto\/site-profissional-hospedagem\/","og_locale":"pt_BR","og_type":"article","og_title":"Site Profissional + Hospedagem","og_description":"Conex\u00e3o Total &#8902; Cria\u00e7\u00e3o de Sites &#8902; Hospedagem Profissional &#8902; Todos os planos e pacotes em at\u00e9 12x no cart\u00e3o.","og_url":"https:\/\/www.conexaototal.net\/loja\/produto\/site-profissional-hospedagem\/","og_site_name":"Conex\u00e3o Total - Cria\u00e7\u00e3o de Sites e Hospedagem","article_publisher":"https:\/\/www.facebook.com\/conexaototalcomunicacaoemarketing\/","article_modified_time":"2026-03-19T01:23:58+00:00","og_image":[{"width":1080,"height":1080,"url":"https:\/\/www.conexaototal.net\/loja\/wp-content\/uploads\/2025\/12\/Site-profissional-com-Hospedagem.jpg","type":"image\/jpeg"}],"twitter_card":"summary_large_image","twitter_site":"@conexaototalmkt","twitter_misc":{"Pre\u00e7o":"&#82;&#36;300,00","Disponibilidade":"Em Estoque"},"schema":{"@context":"https:\/\/schema.org","@graph":[{"@type":"WebPage","@id":"https:\/\/www.conexaototal.net\/loja\/produto\/site-profissional-hospedagem\/","url":"https:\/\/www.conexaototal.net\/loja\/produto\/site-profissional-hospedagem\/","name":"Plano Econ\u00f4mico com Hospedagem &#8902; Conex\u00e3o Total","isPartOf":{"@id":"https:\/\/www.conexaototal.net\/loja\/#website"},"primaryImageOfPage":{"@id":"https:\/\/www.conexaototal.net\/loja\/produto\/site-profissional-hospedagem\/#primaryimage"},"image":{"@id":"https:\/\/www.conexaototal.net\/loja\/produto\/site-profissional-hospedagem\/#primaryimage"},"thumbnailUrl":"https:\/\/www.conexaototal.net\/loja\/wp-content\/uploads\/2025\/12\/Site-profissional-com-Hospedagem.jpg","datePublished":"2025-12-27T23:51:21+00:00","dateModified":"2026-03-19T01:23:58+00:00","description":"Conex\u00e3o Total &#8902; Cria\u00e7\u00e3o de Sites &#8902; Hospedagem Profissional &#8902; Todos os planos e pacotes em at\u00e9 12x no cart\u00e3o.","breadcrumb":{"@id":"https:\/\/www.conexaototal.net\/loja\/produto\/site-profissional-hospedagem\/#breadcrumb"},"inLanguage":"pt-BR","potentialAction":[{"@type":"ReadAction","target":["https:\/\/www.conexaototal.net\/loja\/produto\/site-profissional-hospedagem\/"]}]},{"@type":"ImageObject","inLanguage":"pt-BR","@id":"https:\/\/www.conexaototal.net\/loja\/produto\/site-profissional-hospedagem\/#primaryimage","url":"https:\/\/www.conexaototal.net\/loja\/wp-content\/uploads\/2025\/12\/Site-profissional-com-Hospedagem.jpg","contentUrl":"https:\/\/www.conexaototal.net\/loja\/wp-content\/uploads\/2025\/12\/Site-profissional-com-Hospedagem.jpg","width":1080,"height":1080,"caption":"Site profissional com Hospedagem"},{"@type":"BreadcrumbList","@id":"https:\/\/www.conexaototal.net\/loja\/produto\/site-profissional-hospedagem\/#breadcrumb","itemListElement":[{"@type":"ListItem","position":1,"name":"In\u00edcio","item":"https:\/\/www.conexaototal.net\/loja\/"},{"@type":"ListItem","position":2,"name":"NOSSOS PLANOS","item":"https:\/\/www.conexaototal.net\/loja\/produto\/"},{"@type":"ListItem","position":3,"name":"Site Profissional + Hospedagem"}]},{"@type":"WebSite","@id":"https:\/\/www.conexaototal.net\/loja\/#website","url":"https:\/\/www.conexaototal.net\/loja\/","name":"Conex\u00e3o Total - Loja Virtual","description":"","publisher":{"@id":"https:\/\/www.conexaototal.net\/loja\/#organization"},"alternateName":"Conex\u00e3o Total","potentialAction":[{"@type":"SearchAction","target":{"@type":"EntryPoint","urlTemplate":"https:\/\/www.conexaototal.net\/loja\/?s={search_term_string}"},"query-input":{"@type":"PropertyValueSpecification","valueRequired":true,"valueName":"search_term_string"}}],"inLanguage":"pt-BR"},{"@type":"Organization","@id":"https:\/\/www.conexaototal.net\/loja\/#organization","name":"Conex\u00e3o Total - Loja Virtual","alternateName":"Conex\u00e3o Total","url":"https:\/\/www.conexaototal.net\/loja\/","logo":{"@type":"ImageObject","inLanguage":"pt-BR","@id":"https:\/\/www.conexaototal.net\/loja\/#\/schema\/logo\/image\/","url":"https:\/\/www.conexaototal.net\/loja\/wp-content\/uploads\/2023\/08\/Conexao-Total-MKT.jpg","contentUrl":"https:\/\/www.conexaototal.net\/loja\/wp-content\/uploads\/2023\/08\/Conexao-Total-MKT.jpg","width":800,"height":400,"caption":"Conex\u00e3o Total - Loja Virtual"},"image":{"@id":"https:\/\/www.conexaototal.net\/loja\/#\/schema\/logo\/image\/"},"sameAs":["https:\/\/www.facebook.com\/conexaototalcomunicacaoemarketing\/","https:\/\/x.com\/conexaototalmkt","https:\/\/www.linkedin.com\/in\/conex\u00e3o-total-300231186\/","https:\/\/www.instagram.com\/conexaototalmkt\/","https:\/\/www.youtube.com\/channel\/UC0up9j5RfGDUTmsXB14S0rA"]}]},"product_price_amount":"300.00","product_price_currency":"BRL","og_availability":"instock","product_availability":"instock","product_retailer_item_id":"SEH","product_condition":"new"},"jetpack_sharing_enabled":true,"_links":{"self":[{"href":"https:\/\/www.conexaototal.net\/loja\/wp-json\/wp\/v2\/product\/16808","targetHints":{"allow":["GET"]}}],"collection":[{"href":"https:\/\/www.conexaototal.net\/loja\/wp-json\/wp\/v2\/product"}],"about":[{"href":"https:\/\/www.conexaototal.net\/loja\/wp-json\/wp\/v2\/types\/product"}],"replies":[{"embeddable":true,"href":"https:\/\/www.conexaototal.net\/loja\/wp-json\/wp\/v2\/comments?post=16808"}],"version-history":[{"count":2,"href":"https:\/\/www.conexaototal.net\/loja\/wp-json\/wp\/v2\/product\/16808\/revisions"}],"predecessor-version":[{"id":16965,"href":"https:\/\/www.conexaototal.net\/loja\/wp-json\/wp\/v2\/product\/16808\/revisions\/16965"}],"wp:featuredmedia":[{"embeddable":true,"href":"https:\/\/www.conexaototal.net\/loja\/wp-json\/wp\/v2\/media\/16964"}],"wp:attachment":[{"href":"https:\/\/www.conexaototal.net\/loja\/wp-json\/wp\/v2\/media?parent=16808"}],"wp:term":[{"taxonomy":"product_brand","embeddable":true,"href":"https:\/\/www.conexaototal.net\/loja\/wp-json\/wp\/v2\/product_brand?post=16808"},{"taxonomy":"product_cat","embeddable":true,"href":"https:\/\/www.conexaototal.net\/loja\/wp-json\/wp\/v2\/product_cat?post=16808"},{"taxonomy":"product_tag","embeddable":true,"href":"https:\/\/www.conexaototal.net\/loja\/wp-json\/wp\/v2\/product_tag?post=16808"}],"curies":[{"name":"wp","href":"https:\/\/api.w.org\/{rel}","templated":true}]}}